{"id":1040,"date":"2023-06-07T11:09:34","date_gmt":"2023-06-07T11:09:34","guid":{"rendered":"https:\/\/lounaeestimatusebyroo.ee\/avaleht\/"},"modified":"2025-03-13T11:53:54","modified_gmt":"2025-03-13T11:53:54","slug":"avaleht","status":"publish","type":"page","link":"https:\/\/lounaeestimatusebyroo.ee\/en\/","title":{"rendered":"Home"},"content":{"rendered":"<div class=\"ama-block block-txtmedia has-text-align-left\"><div class=\"block-txtmedia__content\" data-animate=\"T_FADE_RIGHT\"><div class=\"acf-innerblocks-container\">\n\n<h1 class=\"wp-block-heading wp-el\">&#8220;Life is like the sun, which rises and sets\u2026<\/h1>\n\n\n\n<h1 class=\"wp-block-heading wp-el\">Life is like a candle, which burns brightly and goes out.&#8221;<\/h1>\n\n\n\n<p class=\"wp-el\"><\/p>\n\n<\/div><\/div><div class=\"block-txtmedia__media\" data-animate=\"T_FADE_LEFT\"><video autoplay=\"\" loop=\"true\" muted=\"\" playsinline=\"\" data-wf-ignore=\"true\" data-object-fit=\"cover\"><source src=\"https:\/\/lounaeestimatusebyroo.ee\/wp-content\/uploads\/2025\/03\/video_voru_matusetalitus_25mb.mp4\" type=\"video\/mp4\"><\/video><\/div><\/div>\n\n<div class=\"wp-el block-stitle text-center position-relative text-uppercase fw-black overflow-hidden\"><span class=\"block-stitle__bgtxt d-block position-absolute start-50 top-50 translate-middle\">Services<\/span><h2>To start ordering select a funeral package<\/h2><\/div>\n\n<div class=\"ama-block block-packages is-style-slider\"><div class=\"slick-slide\"><div class=\"package-item\"><div class=\"package-item__thumb position-relative\"><img decoding=\"async\" width=\"420\" height=\"420\" src=\"https:\/\/lounaeestimatusebyroo.ee\/wp-content\/uploads\/2023\/06\/tuhastamine-420x420.png\" class=\"attachment-img-420 size-img-420\" alt=\"\" \/><\/div><div class=\"package-item__content\"><div class=\"package-item-about\"><p class=\"fw-black\">Cremation without ceremony<\/p><p>Cremation without ceremony is a way for people to honour their loved ones and mourn a loss without a traditional ceremony. <\/p><\/div><div class=\"wp-block-button\"><a href=\"https:\/\/lounaeestimatusebyroo.ee\/en\/ordering-and-prices\/?package=cremation-without-ceremony\" class=\"wp-block-button__link has-light-background-color\">Choose a package<\/a><\/div><\/div><\/div><\/div><div class=\"slick-slide\"><div class=\"package-item\"><div class=\"package-item__thumb position-relative\"><img decoding=\"async\" width=\"420\" height=\"420\" src=\"https:\/\/lounaeestimatusebyroo.ee\/wp-content\/uploads\/2023\/06\/leinamis-saal-420x420.png\" class=\"attachment-img-420 size-img-420\" alt=\"\" \/><\/div><div class=\"package-item__content\"><div class=\"package-item-about\"><p class=\"fw-black\">Cremation with ceremony<\/p><p>The cremation ceremony may vary depending on cultural and religious practices and individual preferences.<\/p><\/div><div class=\"wp-block-button\"><a href=\"https:\/\/lounaeestimatusebyroo.ee\/en\/ordering-and-prices\/?package=cremation-with-ceremony\" class=\"wp-block-button__link has-light-background-color\">Choose a package<\/a><\/div><\/div><\/div><\/div><div class=\"slick-slide\"><div class=\"package-item\"><div class=\"package-item__thumb position-relative\"><img decoding=\"async\" width=\"420\" height=\"420\" src=\"https:\/\/lounaeestimatusebyroo.ee\/wp-content\/uploads\/2023\/06\/funeral-sad-420x420.png\" class=\"attachment-img-420 size-img-420\" alt=\"\" \/><\/div><div class=\"package-item__content\"><div class=\"package-item-about\"><p class=\"fw-black\">Casket burial<\/p><p>Casket burials are practised by many cultures and religions around the world, and are one of the most common methods of burial.<\/p><\/div><div class=\"wp-block-button\"><a href=\"https:\/\/lounaeestimatusebyroo.ee\/en\/ordering-and-prices\/?package=casket-burial\" class=\"wp-block-button__link has-light-background-color\">Choose a package<\/a><\/div><\/div><\/div><\/div><\/div>\n\n<div class=\"ama-block block-bgcolor is-style-pattern-rl is-dark-style alignmax\"><div class=\"block-inner\"><div class=\"acf-innerblocks-container\">\n\n<h2 class=\"wp-block-heading has-text-align-center has-primary-color has-text-color has-huge-font-size wp-el\" style=\"font-style:normal;font-weight:900;text-transform:uppercase\">caskets, URNs and flowers<\/h2>\n\n\n<div class=\"ama-block block-tabbed-media overflow-hidden\"><ul class=\"nav nav-tabs\" id=\"myTab\" role=\"tablist\"><li class=\"nav-item\" role=\"presentation\"><button id=\"tab-69ea1b0a84c6d1-tab\" class=\"active\" data-bs-toggle=\"tab\" data-bs-target=\"#tab-69ea1b0a84c6d1-tab-pane\" type=\"button\" role=\"tab\" aria-controls=\"tab-69ea1b0a84c6d1-tab-pane\" aria-selected=\"true\">Caskets<\/button><\/li><li class=\"nav-item\" role=\"presentation\"><button id=\"tab-69ea1b0a84c6d2-tab\" data-bs-toggle=\"tab\" data-bs-target=\"#tab-69ea1b0a84c6d2-tab-pane\" type=\"button\" role=\"tab\" aria-controls=\"tab-69ea1b0a84c6d2-tab-pane\" aria-selected=\"false\">Urns<\/button><\/li><\/ul><div class=\"tab-content\"><div class=\"tab-pane fade show active\"\" id=\"tab-69ea1b0a84c6d1-tab-pane\" role=\"tabpanel\" aria-labelledby=\"tab-69ea1b0a84c6d1-tab\" tabindex=\"0\"><div class=\"splide\" data-splide={\"type\":\"slide\",\"gap\":\"3.125rem\",\"perPage\":4,\"breakpoints\":{\"420\":{\"perPage\":1},\"568\":{\"perPage\":2},\"768\":{\"perPage\":3}},\"pagination\":false}><div class=\"splide__track\"><ul class=\"splide__list\"><li class=\"splide__slide\"><div class=\"tabbed-media__item text-center\"><img decoding=\"async\" width=\"240\" height=\"160\" src=\"https:\/\/lounaeestimatusebyroo.ee\/wp-content\/uploads\/2024\/02\/DSC_5744-240x160.jpg\" class=\"attachment-thumbnail size-thumbnail\" alt=\"\" srcset=\"https:\/\/lounaeestimatusebyroo.ee\/wp-content\/uploads\/2024\/02\/DSC_5744-240x160.jpg 240w, https:\/\/lounaeestimatusebyroo.ee\/wp-content\/uploads\/2024\/02\/DSC_5744-1280x852.jpg 1280w, https:\/\/lounaeestimatusebyroo.ee\/wp-content\/uploads\/2024\/02\/DSC_5744-600x400.jpg 600w\" sizes=\"(max-width: 240px) 100vw, 240px\" \/><p>Oak casket<\/p><p class=\"fw-extrabold\">al 950\u20ac<\/p><\/div><\/li><li class=\"splide__slide\"><div class=\"tabbed-media__item text-center\"><img decoding=\"async\" width=\"240\" height=\"160\" src=\"https:\/\/lounaeestimatusebyroo.ee\/wp-content\/uploads\/2024\/02\/DSC_5730-240x160.jpg\" class=\"attachment-thumbnail size-thumbnail\" alt=\"\" srcset=\"https:\/\/lounaeestimatusebyroo.ee\/wp-content\/uploads\/2024\/02\/DSC_5730-240x160.jpg 240w, https:\/\/lounaeestimatusebyroo.ee\/wp-content\/uploads\/2024\/02\/DSC_5730-1280x852.jpg 1280w, https:\/\/lounaeestimatusebyroo.ee\/wp-content\/uploads\/2024\/02\/DSC_5730-600x400.jpg 600w\" sizes=\"(max-width: 240px) 100vw, 240px\" \/><p>Pine casket<\/p><p class=\"fw-extrabold\">al 550\u20ac<\/p><\/div><\/li><li class=\"splide__slide\"><div class=\"tabbed-media__item text-center\"><img decoding=\"async\" width=\"240\" height=\"160\" src=\"https:\/\/lounaeestimatusebyroo.ee\/wp-content\/uploads\/2024\/02\/DSC_7403-240x160.jpg\" class=\"attachment-thumbnail size-thumbnail\" alt=\"\" srcset=\"https:\/\/lounaeestimatusebyroo.ee\/wp-content\/uploads\/2024\/02\/DSC_7403-240x160.jpg 240w, https:\/\/lounaeestimatusebyroo.ee\/wp-content\/uploads\/2024\/02\/DSC_7403-1280x852.jpg 1280w, https:\/\/lounaeestimatusebyroo.ee\/wp-content\/uploads\/2024\/02\/DSC_7403-600x400.jpg 600w\" sizes=\"(max-width: 240px) 100vw, 240px\" \/><p>Casket decoration<\/p><p class=\"fw-extrabold\">al 79\u20ac<\/p><\/div><\/li><li class=\"splide__slide\"><div class=\"tabbed-media__item text-center\"><img decoding=\"async\" width=\"240\" height=\"160\" src=\"https:\/\/lounaeestimatusebyroo.ee\/wp-content\/uploads\/2024\/02\/DSC_5773-240x160.jpg\" class=\"attachment-thumbnail size-thumbnail\" alt=\"\" srcset=\"https:\/\/lounaeestimatusebyroo.ee\/wp-content\/uploads\/2024\/02\/DSC_5773-240x160.jpg 240w, https:\/\/lounaeestimatusebyroo.ee\/wp-content\/uploads\/2024\/02\/DSC_5773-1280x852.jpg 1280w, https:\/\/lounaeestimatusebyroo.ee\/wp-content\/uploads\/2024\/02\/DSC_5773-600x400.jpg 600w\" sizes=\"(max-width: 240px) 100vw, 240px\" \/><p>Urn<\/p><p class=\"fw-extrabold\">165\u20ac<\/p><\/div><\/li><li class=\"splide__slide\"><div class=\"tabbed-media__item text-center\"><img decoding=\"async\" width=\"240\" height=\"160\" src=\"https:\/\/lounaeestimatusebyroo.ee\/wp-content\/uploads\/2024\/02\/DSC_5760-240x160.jpg\" class=\"attachment-thumbnail size-thumbnail\" alt=\"\" srcset=\"https:\/\/lounaeestimatusebyroo.ee\/wp-content\/uploads\/2024\/02\/DSC_5760-240x160.jpg 240w, https:\/\/lounaeestimatusebyroo.ee\/wp-content\/uploads\/2024\/02\/DSC_5760-1280x852.jpg 1280w, https:\/\/lounaeestimatusebyroo.ee\/wp-content\/uploads\/2024\/02\/DSC_5760-600x400.jpg 600w\" sizes=\"(max-width: 240px) 100vw, 240px\" \/><p>Oak urn and urn decoration<\/p><\/div><\/li><li class=\"splide__slide\"><div class=\"tabbed-media__item text-center\"><img decoding=\"async\" width=\"240\" height=\"160\" src=\"https:\/\/lounaeestimatusebyroo.ee\/wp-content\/uploads\/2024\/02\/DSC_5772-240x160.jpg\" class=\"attachment-thumbnail size-thumbnail\" alt=\"\" srcset=\"https:\/\/lounaeestimatusebyroo.ee\/wp-content\/uploads\/2024\/02\/DSC_5772-240x160.jpg 240w, https:\/\/lounaeestimatusebyroo.ee\/wp-content\/uploads\/2024\/02\/DSC_5772-1280x852.jpg 1280w, https:\/\/lounaeestimatusebyroo.ee\/wp-content\/uploads\/2024\/02\/DSC_5772-600x400.jpg 600w\" sizes=\"(max-width: 240px) 100vw, 240px\" \/><p>Urn and urn decoration<\/p><\/div><\/li><\/ul><\/div><div class=\"splide__arrows\"><button class=\"splide__arrow splide__arrow--prev\"><svg xmlns=\"http:\/\/www.w3.org\/2000\/svg\" width=\"32.004\" height=\"24\" viewBox=\"0 0 32.004 24\"><path d=\"M7747.514,21986.5a1.607,1.607,0,0,0,0-2.422l-8.084-7.361h23.694a1.723,1.723,0,1,0,0-3.432h-23.688l8.078-7.355a1.614,1.614,0,0,0,0-2.428,2.015,2.015,0,0,0-2.66,0l-11.3,10.291a1.6,1.6,0,0,0,0,2.422l11.3,10.285a2.013,2.013,0,0,0,2.66,0Z\" transform=\"translate(-7733.002 -21963)\" fill=\"currentColor\"\/><\/svg><\/button><button class=\"splide__arrow splide__arrow--next\"><svg xmlns=\"http:\/\/www.w3.org\/2000\/svg\" width=\"32.004\" height=\"24\" viewBox=\"0 0 32.004 24\"><path d=\"M7750.494,21986.5a1.607,1.607,0,0,1,0-2.422l8.084-7.361h-23.694a1.723,1.723,0,1,1,0-3.432h23.688l-8.078-7.355a1.614,1.614,0,0,1,0-2.428,2.015,2.015,0,0,1,2.66,0l11.3,10.291a1.6,1.6,0,0,1,0,2.422l-11.3,10.285a2.013,2.013,0,0,1-2.66,0Z\" transform=\"translate(-7733.001 -21963)\" fill=\"currentColor\"\/><\/svg><\/button><\/div><\/div><div class=\"wp-block-buttons justify-content-center\"><div class=\"wp-block-button is-style-outline\"><a href=\"https:\/\/lounaeestimatusebyroo.ee\/en\/services-and-products\/\" class=\"wp-block-button__link\">Learn more<\/a><\/div><\/div><\/div><div class=\"tab-pane fade\" id=\"tab-69ea1b0a84c6d2-tab-pane\" role=\"tabpanel\" aria-labelledby=\"tab-69ea1b0a84c6d2-tab\" tabindex=\"0\"><div class=\"splide\" data-splide={\"type\":\"slide\",\"gap\":\"3.125rem\",\"perPage\":4,\"breakpoints\":{\"420\":{\"perPage\":1},\"568\":{\"perPage\":2},\"768\":{\"perPage\":3}},\"pagination\":false}><div class=\"splide__track\"><ul class=\"splide__list\"><li class=\"splide__slide\"><div class=\"tabbed-media__item text-center\"><img decoding=\"async\" width=\"240\" height=\"160\" src=\"https:\/\/lounaeestimatusebyroo.ee\/wp-content\/uploads\/2024\/02\/DSC_5762-240x160.jpg\" class=\"attachment-thumbnail size-thumbnail\" alt=\"\" srcset=\"https:\/\/lounaeestimatusebyroo.ee\/wp-content\/uploads\/2024\/02\/DSC_5762-240x160.jpg 240w, https:\/\/lounaeestimatusebyroo.ee\/wp-content\/uploads\/2024\/02\/DSC_5762-1280x852.jpg 1280w, https:\/\/lounaeestimatusebyroo.ee\/wp-content\/uploads\/2024\/02\/DSC_5762-600x400.jpg 600w\" sizes=\"(max-width: 240px) 100vw, 240px\" \/><p>Urn 1<\/p><p class=\"fw-extrabold\">1<\/p><\/div><\/li><li class=\"splide__slide\"><div class=\"tabbed-media__item text-center\"><img decoding=\"async\" width=\"240\" height=\"160\" src=\"https:\/\/lounaeestimatusebyroo.ee\/wp-content\/uploads\/2024\/02\/DSC_5750-240x160.jpg\" class=\"attachment-thumbnail size-thumbnail\" alt=\"\" srcset=\"https:\/\/lounaeestimatusebyroo.ee\/wp-content\/uploads\/2024\/02\/DSC_5750-240x160.jpg 240w, https:\/\/lounaeestimatusebyroo.ee\/wp-content\/uploads\/2024\/02\/DSC_5750-1280x852.jpg 1280w, https:\/\/lounaeestimatusebyroo.ee\/wp-content\/uploads\/2024\/02\/DSC_5750-600x400.jpg 600w\" sizes=\"(max-width: 240px) 100vw, 240px\" \/><p>Urn 2<\/p><p class=\"fw-extrabold\">2<\/p><\/div><\/li><\/ul><\/div><div class=\"splide__arrows\"><button class=\"splide__arrow splide__arrow--prev\"><svg xmlns=\"http:\/\/www.w3.org\/2000\/svg\" width=\"32.004\" height=\"24\" viewBox=\"0 0 32.004 24\"><path d=\"M7747.514,21986.5a1.607,1.607,0,0,0,0-2.422l-8.084-7.361h23.694a1.723,1.723,0,1,0,0-3.432h-23.688l8.078-7.355a1.614,1.614,0,0,0,0-2.428,2.015,2.015,0,0,0-2.66,0l-11.3,10.291a1.6,1.6,0,0,0,0,2.422l11.3,10.285a2.013,2.013,0,0,0,2.66,0Z\" transform=\"translate(-7733.002 -21963)\" fill=\"currentColor\"\/><\/svg><\/button><button class=\"splide__arrow splide__arrow--next\"><svg xmlns=\"http:\/\/www.w3.org\/2000\/svg\" width=\"32.004\" height=\"24\" viewBox=\"0 0 32.004 24\"><path d=\"M7750.494,21986.5a1.607,1.607,0,0,1,0-2.422l8.084-7.361h-23.694a1.723,1.723,0,1,1,0-3.432h23.688l-8.078-7.355a1.614,1.614,0,0,1,0-2.428,2.015,2.015,0,0,1,2.66,0l11.3,10.291a1.6,1.6,0,0,1,0,2.422l-11.3,10.285a2.013,2.013,0,0,1-2.66,0Z\" transform=\"translate(-7733.001 -21963)\" fill=\"currentColor\"\/><\/svg><\/button><\/div><\/div><\/div><\/div><\/div>\n<\/div><\/div><\/div>\n\n<div class=\"ama-block block-txtmedia has-text-align-left\"><div class=\"block-txtmedia__content\" data-animate=\"T_FADE_RIGHT\"><div class=\"acf-innerblocks-container\">\n\n<h2 class=\"wp-block-heading wp-el\" style=\"font-style:normal;font-weight:900;text-transform:uppercase\">HEARSE \/ transporting the deceased<\/h2>\n\n\n\n<p class=\"wp-el\">Selection: Mercedes-Benz Vito, Volkswagen Transporter, Mercedes-Benz hearse.<\/p>\n\n\n\n<div class=\"wp-block-buttons is-layout-flex wp-block-buttons-is-layout-flex\">\n<div class=\"wp-block-button\"><a class=\"wp-block-button__link has-secondary-background-color has-background wp-element-button\" href=\"https:\/\/lounaeestimatusebyroo.ee\/en\/services-and-products\/funeral-transport\/\">View our selection of vehicles<\/a><\/div>\n<\/div>\n\n<\/div><\/div><div class=\"block-txtmedia__media\" data-animate=\"T_FADE_LEFT\"><div class=\"splide\" data-splide={\"type\":\"fade\",\"pagination\":false}><div class=\"splide__track\"><ul class=\"splide__list\"><li class=\"splide__slide\"><a href=\"https:\/\/lounaeestimatusebyroo.ee\/wp-content\/uploads\/2024\/02\/DSC_5906-1280x852.jpg\" data-fancybox=\"txtmedia-block_67d2c7513c062\"><img decoding=\"async\" width=\"600\" height=\"400\" src=\"https:\/\/lounaeestimatusebyroo.ee\/wp-content\/uploads\/2024\/02\/DSC_5906-600x400.jpg\" class=\"attachment-img-600x400 size-img-600x400\" alt=\"\" srcset=\"https:\/\/lounaeestimatusebyroo.ee\/wp-content\/uploads\/2024\/02\/DSC_5906-600x400.jpg 600w, https:\/\/lounaeestimatusebyroo.ee\/wp-content\/uploads\/2024\/02\/DSC_5906-1280x852.jpg 1280w, https:\/\/lounaeestimatusebyroo.ee\/wp-content\/uploads\/2024\/02\/DSC_5906-240x160.jpg 240w\" sizes=\"(max-width: 600px) 100vw, 600px\" \/><\/a><\/li><li class=\"splide__slide\"><a href=\"https:\/\/lounaeestimatusebyroo.ee\/wp-content\/uploads\/2024\/02\/DSC_5932-1280x852.jpg\" data-fancybox=\"txtmedia-block_67d2c7513c062\"><img decoding=\"async\" width=\"600\" height=\"400\" src=\"https:\/\/lounaeestimatusebyroo.ee\/wp-content\/uploads\/2024\/02\/DSC_5932-600x400.jpg\" class=\"attachment-img-600x400 size-img-600x400\" alt=\"\" srcset=\"https:\/\/lounaeestimatusebyroo.ee\/wp-content\/uploads\/2024\/02\/DSC_5932-600x400.jpg 600w, https:\/\/lounaeestimatusebyroo.ee\/wp-content\/uploads\/2024\/02\/DSC_5932-1280x852.jpg 1280w, https:\/\/lounaeestimatusebyroo.ee\/wp-content\/uploads\/2024\/02\/DSC_5932-240x160.jpg 240w\" sizes=\"(max-width: 600px) 100vw, 600px\" \/><\/a><\/li><\/ul><\/div><div class=\"splide__arrows\"><button class=\"splide__arrow splide__arrow--prev\"><svg xmlns=\"http:\/\/www.w3.org\/2000\/svg\" width=\"32.004\" height=\"24\" viewBox=\"0 0 32.004 24\"><path d=\"M7747.514,21986.5a1.607,1.607,0,0,0,0-2.422l-8.084-7.361h23.694a1.723,1.723,0,1,0,0-3.432h-23.688l8.078-7.355a1.614,1.614,0,0,0,0-2.428,2.015,2.015,0,0,0-2.66,0l-11.3,10.291a1.6,1.6,0,0,0,0,2.422l11.3,10.285a2.013,2.013,0,0,0,2.66,0Z\" transform=\"translate(-7733.002 -21963)\" fill=\"currentColor\"\/><\/svg><\/button><button class=\"splide__arrow splide__arrow--next\"><svg xmlns=\"http:\/\/www.w3.org\/2000\/svg\" width=\"32.004\" height=\"24\" viewBox=\"0 0 32.004 24\"><path d=\"M7750.494,21986.5a1.607,1.607,0,0,1,0-2.422l8.084-7.361h-23.694a1.723,1.723,0,1,1,0-3.432h23.688l-8.078-7.355a1.614,1.614,0,0,1,0-2.428,2.015,2.015,0,0,1,2.66,0l11.3,10.291a1.6,1.6,0,0,1,0,2.422l-11.3,10.285a2.013,2.013,0,0,1-2.66,0Z\" transform=\"translate(-7733.001 -21963)\" fill=\"currentColor\"\/><\/svg><\/button><\/div><\/div><\/div><\/div>\n\n<div class=\"ama-block block-bgcolor is-light-style alignmax\"><div class=\"block-inner\"><div class=\"acf-innerblocks-container\">\n<div class=\"wp-el block-stitle text-center position-relative text-uppercase fw-black overflow-hidden\"><span class=\"block-stitle__bgtxt d-block position-absolute start-50 top-50 translate-middle\">FAQ<\/span><h2>How to arrange a funeral<\/h2><\/div>\n\n\n<p class=\"has-text-align-center wp-el\">The loss of a loved one is one of life\u2019s most difficult experiences. It can be an emotionally painful and complex situation that affects all aspects of a person\u2019s life. Grief is a natural response to loss, and each person experiences grief in their own way.<\/p>\n\n\n<div class=\"ama-block block-faqs\"><div class=\"accordion\" id=\"accordion-block_67d2c7513c07c\"><div class=\"accordion-item\"><button class=\"accordion-button collapsed\" type=\"button\" data-bs-toggle=\"collapse\" data-bs-target=\"#collapse-block_67d2c7513c07c1032\" aria-expanded=\"false\" aria-controls=\"collapse-block_67d2c7513c07c1032\"><span class=\"d-block\">1. Summon emergency medical care<\/span><span class=\"d-flex flex-wrap align-items-center justify-content-center\"><svg xmlns=\"http:\/\/www.w3.org\/2000\/svg\" width=\"12\" height=\"16.002\" viewBox=\"0 0 12 16.002\"><path d=\"M-15658.605,826.727l-5.145-5.649a1.008,1.008,0,0,1,0-1.33.806.806,0,0,1,1.215,0l3.678,4.038V811.941a.9.9,0,0,1,.855-.94.9.9,0,0,1,.859.94v11.848l3.68-4.042a.8.8,0,0,1,1.211,0,.981.981,0,0,1,.252.664.983.983,0,0,1-.252.667l-5.143,5.649a.811.811,0,0,1-.605.276A.814.814,0,0,1-15658.605,826.727Z\" transform=\"translate(15664 -811)\" fill=\"currentColor\"\/><\/svg><\/span><\/button><div id=\"collapse-block_67d2c7513c07c1032\" class=\"accordion-collapse collapse\" data-bs-parent=\"#accordion-block_67d2c7513c07c\"><div class=\"accordion-body classic-editor\"><p>If the deceased is at home, someone must record their death. In a hospital, this is done by the hospital staff. In the case of a death that takes place at home, it is done by emergency medical staff or the family physician. Call the deceased\u2019s family physician or 112.<\/p>\n<\/div><\/div><\/div><div class=\"accordion-item\"><button class=\"accordion-button collapsed\" type=\"button\" data-bs-toggle=\"collapse\" data-bs-target=\"#collapse-block_67d2c7513c07c1034\" aria-expanded=\"false\" aria-controls=\"collapse-block_67d2c7513c07c1034\"><span class=\"d-block\">2. Order transport of the deceased<\/span><span class=\"d-flex flex-wrap align-items-center justify-content-center\"><svg xmlns=\"http:\/\/www.w3.org\/2000\/svg\" width=\"12\" height=\"16.002\" viewBox=\"0 0 12 16.002\"><path d=\"M-15658.605,826.727l-5.145-5.649a1.008,1.008,0,0,1,0-1.33.806.806,0,0,1,1.215,0l3.678,4.038V811.941a.9.9,0,0,1,.855-.94.9.9,0,0,1,.859.94v11.848l3.68-4.042a.8.8,0,0,1,1.211,0,.981.981,0,0,1,.252.664.983.983,0,0,1-.252.667l-5.143,5.649a.811.811,0,0,1-.605.276A.814.814,0,0,1-15658.605,826.727Z\" transform=\"translate(15664 -811)\" fill=\"currentColor\"\/><\/svg><\/span><\/button><div id=\"collapse-block_67d2c7513c07c1034\" class=\"accordion-collapse collapse\" data-bs-parent=\"#accordion-block_67d2c7513c07c\"><div class=\"accordion-body classic-editor\"><p>By calling our 24-hour numbers, you can arrange for the transport of your loved one. Telephone numbers: 16669 (24h in Tartu) and 53032363 (24h in P\u00f5lva)<\/p>\n<\/div><\/div><\/div><div class=\"accordion-item\"><button class=\"accordion-button collapsed\" type=\"button\" data-bs-toggle=\"collapse\" data-bs-target=\"#collapse-block_67d2c7513c07c1036\" aria-expanded=\"false\" aria-controls=\"collapse-block_67d2c7513c07c1036\"><span class=\"d-block\">3. Register the death<\/span><span class=\"d-flex flex-wrap align-items-center justify-content-center\"><svg xmlns=\"http:\/\/www.w3.org\/2000\/svg\" width=\"12\" height=\"16.002\" viewBox=\"0 0 12 16.002\"><path d=\"M-15658.605,826.727l-5.145-5.649a1.008,1.008,0,0,1,0-1.33.806.806,0,0,1,1.215,0l3.678,4.038V811.941a.9.9,0,0,1,.855-.94.9.9,0,0,1,.859.94v11.848l3.68-4.042a.8.8,0,0,1,1.211,0,.981.981,0,0,1,.252.664.983.983,0,0,1-.252.667l-5.143,5.649a.811.811,0,0,1-.605.276A.814.814,0,0,1-15658.605,826.727Z\" transform=\"translate(15664 -811)\" fill=\"currentColor\"\/><\/svg><\/span><\/button><div id=\"collapse-block_67d2c7513c07c1036\" class=\"accordion-collapse collapse\" data-bs-parent=\"#accordion-block_67d2c7513c07c\"><div class=\"accordion-body classic-editor\"><p>A death certificate will be issued to you either by the hospital or your family physician.<\/p>\n<\/div><\/div><\/div><div class=\"accordion-item\"><button class=\"accordion-button collapsed\" type=\"button\" data-bs-toggle=\"collapse\" data-bs-target=\"#collapse-block_67d2c7513c07c1038\" aria-expanded=\"false\" aria-controls=\"collapse-block_67d2c7513c07c1038\"><span class=\"d-block\">4. Contact our funeral home for assistance with funeral arrangements<\/span><span class=\"d-flex flex-wrap align-items-center justify-content-center\"><svg xmlns=\"http:\/\/www.w3.org\/2000\/svg\" width=\"12\" height=\"16.002\" viewBox=\"0 0 12 16.002\"><path d=\"M-15658.605,826.727l-5.145-5.649a1.008,1.008,0,0,1,0-1.33.806.806,0,0,1,1.215,0l3.678,4.038V811.941a.9.9,0,0,1,.855-.94.9.9,0,0,1,.859.94v11.848l3.68-4.042a.8.8,0,0,1,1.211,0,.981.981,0,0,1,.252.664.983.983,0,0,1-.252.667l-5.143,5.649a.811.811,0,0,1-.605.276A.814.814,0,0,1-15658.605,826.727Z\" transform=\"translate(15664 -811)\" fill=\"currentColor\"\/><\/svg><\/span><\/button><div id=\"collapse-block_67d2c7513c07c1038\" class=\"accordion-collapse collapse\" data-bs-parent=\"#accordion-block_67d2c7513c07c\"><div class=\"accordion-body classic-editor\"><p>Our office in Tartu is located at Riia 5, Tartu 51010, and in P\u00f5lva at J. K\u00e4isi 3, P\u00f5lva 63305. With us, you can order funeral arrangements that are just right for you \u2013 cremation burial, or casket burial.<\/p>\n<\/div><\/div><\/div><\/div><\/div>\n\n\n<div class=\"wp-block-buttons is-content-justification-center is-layout-flex wp-container-core-buttons-is-layout-a89b3969 wp-block-buttons-is-layout-flex\">\n<div class=\"wp-block-button is-style-outline is-style-outline--1\"><a class=\"wp-block-button__link has-dark-background-color has-background wp-element-button\" href=\"https:\/\/lounaeestimatusebyroo.ee\/en\/contact\/\">Contact us<\/a><\/div>\n<\/div>\n\n<\/div><\/div><\/div>","protected":false},"excerpt":{"rendered":"","protected":false},"author":1,"featured_media":0,"parent":0,"menu_order":0,"comment_status":"closed","ping_status":"closed","template":"","meta":{"_acf_changed":false,"inline_featured_image":false,"footnotes":""},"class_list":["post-1040","page","type-page","status-publish","hentry"],"acf":[],"_links":{"self":[{"href":"https:\/\/lounaeestimatusebyroo.ee\/en\/wp-json\/wp\/v2\/pages\/1040","targetHints":{"allow":["GET"]}}],"collection":[{"href":"https:\/\/lounaeestimatusebyroo.ee\/en\/wp-json\/wp\/v2\/pages"}],"about":[{"href":"https:\/\/lounaeestimatusebyroo.ee\/en\/wp-json\/wp\/v2\/types\/page"}],"author":[{"embeddable":true,"href":"https:\/\/lounaeestimatusebyroo.ee\/en\/wp-json\/wp\/v2\/users\/1"}],"replies":[{"embeddable":true,"href":"https:\/\/lounaeestimatusebyroo.ee\/en\/wp-json\/wp\/v2\/comments?post=1040"}],"version-history":[{"count":5,"href":"https:\/\/lounaeestimatusebyroo.ee\/en\/wp-json\/wp\/v2\/pages\/1040\/revisions"}],"predecessor-version":[{"id":1288,"href":"https:\/\/lounaeestimatusebyroo.ee\/en\/wp-json\/wp\/v2\/pages\/1040\/revisions\/1288"}],"wp:attachment":[{"href":"https:\/\/lounaeestimatusebyroo.ee\/en\/wp-json\/wp\/v2\/media?parent=1040"}],"curies":[{"name":"wp","href":"https:\/\/api.w.org\/{rel}","templated":true}]}}