{"id":1046,"date":"2023-06-07T11:09:48","date_gmt":"2023-06-07T11:09:48","guid":{"rendered":"https:\/\/lounaeestimatusebyroo.ee\/kuidas-toimida\/"},"modified":"2025-03-12T10:01:56","modified_gmt":"2025-03-12T10:01:56","slug":"what-to-do","status":"publish","type":"page","link":"https:\/\/lounaeestimatusebyroo.ee\/en\/what-to-do\/","title":{"rendered":"What to do?"},"content":{"rendered":"<div class=\"ama-block block-txtmedia has-text-align-left\"><div class=\"block-txtmedia__content\" data-animate=\"T_FADE_RIGHT\"><div class=\"acf-innerblocks-container\">\n\n<h2 class=\"wp-block-heading wp-el\">The first things to do are:<\/h2>\n\n\n<div class=\"ama-block block-faqs\"><div class=\"accordion\" id=\"accordion-block_67d15b941998f\"><div class=\"accordion-item\"><button class=\"accordion-button collapsed\" type=\"button\" data-bs-toggle=\"collapse\" data-bs-target=\"#collapse-block_67d15b941998f1032\" aria-expanded=\"false\" aria-controls=\"collapse-block_67d15b941998f1032\"><span class=\"d-block\">1. Summon emergency medical care<\/span><span class=\"d-flex flex-wrap align-items-center justify-content-center\"><svg xmlns=\"http:\/\/www.w3.org\/2000\/svg\" width=\"12\" height=\"16.002\" viewBox=\"0 0 12 16.002\"><path d=\"M-15658.605,826.727l-5.145-5.649a1.008,1.008,0,0,1,0-1.33.806.806,0,0,1,1.215,0l3.678,4.038V811.941a.9.9,0,0,1,.855-.94.9.9,0,0,1,.859.94v11.848l3.68-4.042a.8.8,0,0,1,1.211,0,.981.981,0,0,1,.252.664.983.983,0,0,1-.252.667l-5.143,5.649a.811.811,0,0,1-.605.276A.814.814,0,0,1-15658.605,826.727Z\" transform=\"translate(15664 -811)\" fill=\"currentColor\"\/><\/svg><\/span><\/button><div id=\"collapse-block_67d15b941998f1032\" class=\"accordion-collapse collapse\" data-bs-parent=\"#accordion-block_67d15b941998f\"><div class=\"accordion-body classic-editor\"><p>If the deceased is at home, someone must record their death. In a hospital, this is done by the hospital staff. In the case of a death that takes place at home, it is done by emergency medical staff or the family physician. Call the deceased\u2019s family physician or 112.<\/p>\n<\/div><\/div><\/div><div class=\"accordion-item\"><button class=\"accordion-button collapsed\" type=\"button\" data-bs-toggle=\"collapse\" data-bs-target=\"#collapse-block_67d15b941998f1034\" aria-expanded=\"false\" aria-controls=\"collapse-block_67d15b941998f1034\"><span class=\"d-block\">2. Order transport of the deceased<\/span><span class=\"d-flex flex-wrap align-items-center justify-content-center\"><svg xmlns=\"http:\/\/www.w3.org\/2000\/svg\" width=\"12\" height=\"16.002\" viewBox=\"0 0 12 16.002\"><path d=\"M-15658.605,826.727l-5.145-5.649a1.008,1.008,0,0,1,0-1.33.806.806,0,0,1,1.215,0l3.678,4.038V811.941a.9.9,0,0,1,.855-.94.9.9,0,0,1,.859.94v11.848l3.68-4.042a.8.8,0,0,1,1.211,0,.981.981,0,0,1,.252.664.983.983,0,0,1-.252.667l-5.143,5.649a.811.811,0,0,1-.605.276A.814.814,0,0,1-15658.605,826.727Z\" transform=\"translate(15664 -811)\" fill=\"currentColor\"\/><\/svg><\/span><\/button><div id=\"collapse-block_67d15b941998f1034\" class=\"accordion-collapse collapse\" data-bs-parent=\"#accordion-block_67d15b941998f\"><div class=\"accordion-body classic-editor\"><p>By calling our 24-hour numbers, you can arrange for the transport of your loved one. Telephone numbers: 16669 (24h in Tartu) and 53032363 (24h in P\u00f5lva)<\/p>\n<\/div><\/div><\/div><div class=\"accordion-item\"><button class=\"accordion-button collapsed\" type=\"button\" data-bs-toggle=\"collapse\" data-bs-target=\"#collapse-block_67d15b941998f1036\" aria-expanded=\"false\" aria-controls=\"collapse-block_67d15b941998f1036\"><span class=\"d-block\">3. Register the death<\/span><span class=\"d-flex flex-wrap align-items-center justify-content-center\"><svg xmlns=\"http:\/\/www.w3.org\/2000\/svg\" width=\"12\" height=\"16.002\" viewBox=\"0 0 12 16.002\"><path d=\"M-15658.605,826.727l-5.145-5.649a1.008,1.008,0,0,1,0-1.33.806.806,0,0,1,1.215,0l3.678,4.038V811.941a.9.9,0,0,1,.855-.94.9.9,0,0,1,.859.94v11.848l3.68-4.042a.8.8,0,0,1,1.211,0,.981.981,0,0,1,.252.664.983.983,0,0,1-.252.667l-5.143,5.649a.811.811,0,0,1-.605.276A.814.814,0,0,1-15658.605,826.727Z\" transform=\"translate(15664 -811)\" fill=\"currentColor\"\/><\/svg><\/span><\/button><div id=\"collapse-block_67d15b941998f1036\" class=\"accordion-collapse collapse\" data-bs-parent=\"#accordion-block_67d15b941998f\"><div class=\"accordion-body classic-editor\"><p>A death certificate will be issued to you either by the hospital or your family physician.<\/p>\n<\/div><\/div><\/div><div class=\"accordion-item\"><button class=\"accordion-button collapsed\" type=\"button\" data-bs-toggle=\"collapse\" data-bs-target=\"#collapse-block_67d15b941998f1038\" aria-expanded=\"false\" aria-controls=\"collapse-block_67d15b941998f1038\"><span class=\"d-block\">4. Contact our funeral home for assistance with funeral arrangements<\/span><span class=\"d-flex flex-wrap align-items-center justify-content-center\"><svg xmlns=\"http:\/\/www.w3.org\/2000\/svg\" width=\"12\" height=\"16.002\" viewBox=\"0 0 12 16.002\"><path d=\"M-15658.605,826.727l-5.145-5.649a1.008,1.008,0,0,1,0-1.33.806.806,0,0,1,1.215,0l3.678,4.038V811.941a.9.9,0,0,1,.855-.94.9.9,0,0,1,.859.94v11.848l3.68-4.042a.8.8,0,0,1,1.211,0,.981.981,0,0,1,.252.664.983.983,0,0,1-.252.667l-5.143,5.649a.811.811,0,0,1-.605.276A.814.814,0,0,1-15658.605,826.727Z\" transform=\"translate(15664 -811)\" fill=\"currentColor\"\/><\/svg><\/span><\/button><div id=\"collapse-block_67d15b941998f1038\" class=\"accordion-collapse collapse\" data-bs-parent=\"#accordion-block_67d15b941998f\"><div class=\"accordion-body classic-editor\"><p>Our office in Tartu is located at Riia 5, Tartu 51010, and in P\u00f5lva at J. K\u00e4isi 3, P\u00f5lva 63305. With us, you can order funeral arrangements that are just right for you \u2013 cremation burial, or casket burial.<\/p>\n<\/div><\/div><\/div><\/div><\/div>\n<\/div><\/div><div class=\"block-txtmedia__media\" data-animate=\"T_FADE_LEFT\"><div class=\"splide\" data-splide={\"type\":\"fade\",\"pagination\":false}><div class=\"splide__track\"><ul class=\"splide__list\"><li class=\"splide__slide\"><a href=\"https:\/\/lounaeestimatusebyroo.ee\/wp-content\/uploads\/2023\/06\/funeral-sad-1280x854.png\" data-fancybox=\"txtmedia-block_67d15b941997c\"><img decoding=\"async\" width=\"600\" height=\"400\" src=\"https:\/\/lounaeestimatusebyroo.ee\/wp-content\/uploads\/2023\/06\/funeral-sad-600x400.png\" class=\"attachment-img-600x400 size-img-600x400\" alt=\"\" srcset=\"https:\/\/lounaeestimatusebyroo.ee\/wp-content\/uploads\/2023\/06\/funeral-sad-600x400.png 600w, https:\/\/lounaeestimatusebyroo.ee\/wp-content\/uploads\/2023\/06\/funeral-sad-1280x854.png 1280w, https:\/\/lounaeestimatusebyroo.ee\/wp-content\/uploads\/2023\/06\/funeral-sad-240x160.png 240w, https:\/\/lounaeestimatusebyroo.ee\/wp-content\/uploads\/2023\/06\/funeral-sad.png 1800w\" sizes=\"(max-width: 600px) 100vw, 600px\" \/><\/a><\/li><li class=\"splide__slide\"><a href=\"https:\/\/lounaeestimatusebyroo.ee\/wp-content\/uploads\/2024\/02\/DSC_5744-1280x852.jpg\" data-fancybox=\"txtmedia-block_67d15b941997c\"><img decoding=\"async\" width=\"600\" height=\"400\" src=\"https:\/\/lounaeestimatusebyroo.ee\/wp-content\/uploads\/2024\/02\/DSC_5744-600x400.jpg\" class=\"attachment-img-600x400 size-img-600x400\" alt=\"\" srcset=\"https:\/\/lounaeestimatusebyroo.ee\/wp-content\/uploads\/2024\/02\/DSC_5744-600x400.jpg 600w, https:\/\/lounaeestimatusebyroo.ee\/wp-content\/uploads\/2024\/02\/DSC_5744-1280x852.jpg 1280w, https:\/\/lounaeestimatusebyroo.ee\/wp-content\/uploads\/2024\/02\/DSC_5744-240x160.jpg 240w\" sizes=\"(max-width: 600px) 100vw, 600px\" \/><\/a><\/li><li class=\"splide__slide\"><a href=\"https:\/\/lounaeestimatusebyroo.ee\/wp-content\/uploads\/2024\/02\/DSC_7414-1280x852.jpg\" data-fancybox=\"txtmedia-block_67d15b941997c\"><img decoding=\"async\" width=\"600\" height=\"400\" src=\"https:\/\/lounaeestimatusebyroo.ee\/wp-content\/uploads\/2024\/02\/DSC_7414-600x400.jpg\" class=\"attachment-img-600x400 size-img-600x400\" alt=\"\" srcset=\"https:\/\/lounaeestimatusebyroo.ee\/wp-content\/uploads\/2024\/02\/DSC_7414-600x400.jpg 600w, https:\/\/lounaeestimatusebyroo.ee\/wp-content\/uploads\/2024\/02\/DSC_7414-1280x852.jpg 1280w, https:\/\/lounaeestimatusebyroo.ee\/wp-content\/uploads\/2024\/02\/DSC_7414-240x160.jpg 240w\" sizes=\"(max-width: 600px) 100vw, 600px\" \/><\/a><\/li><li class=\"splide__slide\"><a href=\"https:\/\/lounaeestimatusebyroo.ee\/wp-content\/uploads\/2024\/02\/IMG_8704-1280x960.jpg\" data-fancybox=\"txtmedia-block_67d15b941997c\"><img decoding=\"async\" width=\"600\" height=\"400\" src=\"https:\/\/lounaeestimatusebyroo.ee\/wp-content\/uploads\/2024\/02\/IMG_8704-600x400.jpg\" class=\"attachment-img-600x400 size-img-600x400\" alt=\"\" srcset=\"https:\/\/lounaeestimatusebyroo.ee\/wp-content\/uploads\/2024\/02\/IMG_8704-600x400.jpg 600w, https:\/\/lounaeestimatusebyroo.ee\/wp-content\/uploads\/2024\/02\/IMG_8704-240x160.jpg 240w\" sizes=\"(max-width: 600px) 100vw, 600px\" \/><\/a><\/li><li class=\"splide__slide\"><a href=\"https:\/\/lounaeestimatusebyroo.ee\/wp-content\/uploads\/2024\/02\/DSC_5761-1280x852.jpg\" data-fancybox=\"txtmedia-block_67d15b941997c\"><img decoding=\"async\" width=\"600\" height=\"400\" src=\"https:\/\/lounaeestimatusebyroo.ee\/wp-content\/uploads\/2024\/02\/DSC_5761-600x400.jpg\" class=\"attachment-img-600x400 size-img-600x400\" alt=\"\" srcset=\"https:\/\/lounaeestimatusebyroo.ee\/wp-content\/uploads\/2024\/02\/DSC_5761-600x400.jpg 600w, https:\/\/lounaeestimatusebyroo.ee\/wp-content\/uploads\/2024\/02\/DSC_5761-1280x852.jpg 1280w, https:\/\/lounaeestimatusebyroo.ee\/wp-content\/uploads\/2024\/02\/DSC_5761-240x160.jpg 240w\" sizes=\"(max-width: 600px) 100vw, 600px\" \/><\/a><\/li><\/ul><\/div><div class=\"splide__arrows\"><button class=\"splide__arrow splide__arrow--prev\"><svg xmlns=\"http:\/\/www.w3.org\/2000\/svg\" width=\"32.004\" height=\"24\" viewBox=\"0 0 32.004 24\"><path d=\"M7747.514,21986.5a1.607,1.607,0,0,0,0-2.422l-8.084-7.361h23.694a1.723,1.723,0,1,0,0-3.432h-23.688l8.078-7.355a1.614,1.614,0,0,0,0-2.428,2.015,2.015,0,0,0-2.66,0l-11.3,10.291a1.6,1.6,0,0,0,0,2.422l11.3,10.285a2.013,2.013,0,0,0,2.66,0Z\" transform=\"translate(-7733.002 -21963)\" fill=\"currentColor\"\/><\/svg><\/button><button class=\"splide__arrow splide__arrow--next\"><svg xmlns=\"http:\/\/www.w3.org\/2000\/svg\" width=\"32.004\" height=\"24\" viewBox=\"0 0 32.004 24\"><path d=\"M7750.494,21986.5a1.607,1.607,0,0,1,0-2.422l8.084-7.361h-23.694a1.723,1.723,0,1,1,0-3.432h23.688l-8.078-7.355a1.614,1.614,0,0,1,0-2.428,2.015,2.015,0,0,1,2.66,0l11.3,10.291a1.6,1.6,0,0,1,0,2.422l-11.3,10.285a2.013,2.013,0,0,1-2.66,0Z\" transform=\"translate(-7733.001 -21963)\" fill=\"currentColor\"\/><\/svg><\/button><\/div><\/div><\/div><\/div>\n\n\n<p class=\"wp-el\">The loss of a loved one is one of life\u2019s most difficult experiences. It can be an emotionally painful and complex situation that affects all aspects of a person\u2019s life. Grief is a natural response to loss, and each person experiences grief in their own way. Here are some general thoughts on how you might experience the loss of a loved one:<\/p>\n\n\n\n<ul class=\"wp-block-list wp-el\">\n<li><strong>Shock and denial:<\/strong>\u00a0Your initial reaction may be shock and denial. A person may experience difficulty believing or realising that their loved one has actually departed.<\/li>\n\n\n\n<li><strong>Grief:<\/strong>\u00a0Grief is a common and normal reaction to loss. It may be accompanied by intense emotions such as sadness, despair, anger, and guilt.<\/li>\n\n\n\n<li><strong>Physical and emotional fatigue:\u00a0<\/strong>Grief may be accompanied by physical and emotional fatigue. A person may feel weak, tired, or even suffer from physical symptoms such as sleep disturbances or changes in appetite.<\/li>\n\n\n\n<li><strong>Feeling of emptiness:\u00a0<\/strong>The loss of a loved one can leave a person with a sense of emptiness and loss. Everyday activities may seem pointless or difficult.<\/li>\n\n\n\n<li><strong>Social isolation:\u00a0<\/strong>Some people may experience a desire to remain isolated and avoid interacting with other people. At the same time, others may find support from family and friends.<\/li>\n\n\n\n<li><strong>Long-term effects:<\/strong>\u00a0The loss of a loved one can affect a person\u2019s daily life, relationships, work, and general well-being. Some people may need professional help to cope with their grief and loss.<\/li>\n<\/ul>\n\n\n\n<p class=\"wp-el\">It is important to note that grief is an individual experience, and people experience it differently. The presence of supportive family, friends, or professionals can help one to cope with grief. If the symptoms of grief persist for a long time or become severe, it is advisable to seek professional help from a psychologist or therapist.<\/p>\n","protected":false},"excerpt":{"rendered":"<p>The loss of a loved one is one of life\u2019s most difficult experiences. It can be an emotionally painful and&#8230;<\/p>\n","protected":false},"author":1,"featured_media":0,"parent":0,"menu_order":10,"comment_status":"closed","ping_status":"closed","template":"","meta":{"_acf_changed":false,"inline_featured_image":false,"footnotes":""},"class_list":["post-1046","page","type-page","status-publish","hentry"],"acf":[],"_links":{"self":[{"href":"https:\/\/lounaeestimatusebyroo.ee\/en\/wp-json\/wp\/v2\/pages\/1046","targetHints":{"allow":["GET"]}}],"collection":[{"href":"https:\/\/lounaeestimatusebyroo.ee\/en\/wp-json\/wp\/v2\/pages"}],"about":[{"href":"https:\/\/lounaeestimatusebyroo.ee\/en\/wp-json\/wp\/v2\/types\/page"}],"author":[{"embeddable":true,"href":"https:\/\/lounaeestimatusebyroo.ee\/en\/wp-json\/wp\/v2\/users\/1"}],"replies":[{"embeddable":true,"href":"https:\/\/lounaeestimatusebyroo.ee\/en\/wp-json\/wp\/v2\/comments?post=1046"}],"version-history":[{"count":2,"href":"https:\/\/lounaeestimatusebyroo.ee\/en\/wp-json\/wp\/v2\/pages\/1046\/revisions"}],"predecessor-version":[{"id":1088,"href":"https:\/\/lounaeestimatusebyroo.ee\/en\/wp-json\/wp\/v2\/pages\/1046\/revisions\/1088"}],"wp:attachment":[{"href":"https:\/\/lounaeestimatusebyroo.ee\/en\/wp-json\/wp\/v2\/media?parent=1046"}],"curies":[{"name":"wp","href":"https:\/\/api.w.org\/{rel}","templated":true}]}}